{"id":1181,"date":"2018-08-31T13:20:44","date_gmt":"2018-08-31T16:20:44","guid":{"rendered":"https:\/\/ies9011-mza.infd.edu.ar\/sitio\/formularios-varios-p-descargar-docentes-estudiantes\/"},"modified":"2021-04-13T16:51:37","modified_gmt":"2021-04-13T19:51:37","slug":"formularios-varios-p-descargar-docentes-estudiantes","status":"publish","type":"page","link":"https:\/\/ies9011-infd.mendoza.edu.ar\/sitio\/formularios-varios-p-descargar-docentes-estudiantes\/","title":{"rendered":"Atenci\u00f3n VIRTUAL Estudiantes"},"content":{"rendered":"<h5 style=\"text-align: left;\">A partir de ahora tus tr\u00e1mites se atender\u00e1n a trav\u00e9s de los formularios espec\u00edficos.<br \/>\nIngresa y lee cu\u00e1l es el que te corresponde enviar, seg\u00fan tu situaci\u00f3n acad\u00e9mica. Eso te\u00a0lo indica la normativa, el art\u00edculo del Reglamento Acad\u00e9mico Institucional.<\/h5>\n<h5 style=\"text-align: left;\"><span style=\"color: #3366ff;\"><strong>MATRICULACI\u00d3N<\/strong><\/span>: ABIERTO hasta el <span style=\"color: #ff0000;\">30 de abril <strong>a las 24 hs<\/strong><\/span><\/h5>\n<table style=\"width: 100%;\" border=\"1\" cellspacing=\"0\" cellpadding=\"1\">\n<colgroup>\n<col width=\"7%\" \/><\/colgroup>\n<colgroup>\n<col width=\"20%\" \/><\/colgroup>\n<colgroup>\n<col width=\"70%\" \/><\/colgroup>\n<colgroup>\n<col width=\"10\" \/><\/colgroup>\n<tbody>\n<tr>\n<td style=\"text-align: center; background-color: #e6e6e4;\"><\/td>\n<td style=\"text-align: center; background-color: #e6e6e4;\">Formularios<\/td>\n<td style=\"text-align: center; background-color: #e6e6e4;\">Descripci\u00f3n<\/td>\n<\/tr>\n<tr>\n<td style=\"background-color: #f7f7e1; text-align: left;\"><a href=\"https:\/\/docs.google.com\/forms\/d\/e\/1FAIpQLSfFR5DGRe84vcwcBK-Fp4AmmFBg87xlGbewbFVchZNEys6Rvw\/formResponse\" target=\"_blank\" rel=\"noopener\"><img decoding=\"async\" loading=\"lazy\" class=\"aligncenter\" src=\"https:\/\/i.imgur.com\/oFN54Mp.png\" width=\"36\" height=\"49\" \/><\/a><\/td>\n<td style=\"background-color: #f7f7e1; text-align: center;\">\n<h5><a href=\"https:\/\/docs.google.com\/forms\/d\/e\/1FAIpQLSfFR5DGRe84vcwcBK-Fp4AmmFBg87xlGbewbFVchZNEys6Rvw\/formResponse\" target=\"_blank\" rel=\"noopener\">Solicitud de ADSCRIPCIONES o AYUDANT\u00cdAS<\/a><\/h5>\n<\/td>\n<td style=\"background-color: #f7f7e1; text-align: left;\"><span style=\"font-weight: 400;\"><span style=\"font-weight: 400;\">La validez de todo lo realizado en lo solicitado se certificar\u00e1 cuando se presenten los originales de la documentaci\u00f3n que se adjuntar\u00e1, cuando se reanuden las actividades presenciales en el Instituto.\u00a0<\/span><\/span><\/td>\n<\/tr>\n<tr>\n<td style=\"background-color: #fefea6; text-align: left;\"><img decoding=\"async\" loading=\"lazy\" class=\"aligncenter\" src=\"https:\/\/i.imgur.com\/oFN54Mp.png\" width=\"36\" height=\"49\" \/><\/td>\n<td style=\"background-color: #fefea6; text-align: center;\">\n<h5><a href=\"https:\/\/docs.google.com\/forms\/d\/e\/1FAIpQLSf4IyZev0MLlV0I7U-JNkAyCpt2l6mjbmjnqGPfCUUvNHABLQ\/viewform\" target=\"_blank\" rel=\"noopener\">ASISTENCIA T\u00c9CNICA<\/a><\/h5>\n<\/td>\n<td style=\"background-color: #fefea6; text-align: left;\"><a href=\"https:\/\/docs.google.com\/forms\/d\/e\/1FAIpQLSf4IyZev0MLlV0I7U-JNkAyCpt2l6mjbmjnqGPfCUUvNHABLQ\/viewform\" target=\"_blank\" rel=\"noopener\"><img decoding=\"async\" loading=\"lazy\" class=\"aligncenter\" src=\"https:\/\/i.imgur.com\/Zvet8qh.png\" width=\"646\" height=\"167\" \/><\/a><\/td>\n<\/tr>\n<tr>\n<td style=\"background-color: #fefea6; text-align: left;\"><img decoding=\"async\" loading=\"lazy\" class=\"aligncenter\" src=\"https:\/\/i.imgur.com\/oFN54Mp.png\" width=\"36\" height=\"49\" \/><\/td>\n<td style=\"background-color: #fefea6; text-align: center;\">\n<h5><a href=\"https:\/\/docs.google.com\/forms\/d\/e\/1FAIpQLScRdML8TyD63e4EjsxHkGLiZAddcspwnplaxmkGCorXJrlv4g\/viewform\" target=\"_blank\" rel=\"noopener\">Solicitar ALTA en Aula Virtual del Campus del IES<\/a><\/h5>\n<\/td>\n<td style=\"background-color: #fefea6; text-align: left;\"><a href=\"https:\/\/docs.google.com\/forms\/d\/e\/1FAIpQLScRdML8TyD63e4EjsxHkGLiZAddcspwnplaxmkGCorXJrlv4g\/viewform\" target=\"_blank\" rel=\"noopener\"><img decoding=\"async\" class=\"aligncenter\" src=\"https:\/\/i.imgur.com\/BVhr0Q0.png\" \/><\/a><\/td>\n<\/tr>\n<tr>\n<td style=\"background-color: #f7f7e1; text-align: left;\"><img decoding=\"async\" loading=\"lazy\" class=\"aligncenter\" src=\"https:\/\/i.imgur.com\/oFN54Mp.png\" width=\"36\" height=\"49\" \/><\/td>\n<td style=\"background-color: #f7f7e1; text-align: center;\">\n<h5><a href=\"https:\/\/docs.google.com\/forms\/d\/e\/1FAIpQLSeLPSyFSb7Sq-pkvPPSj1QUvQaQhKX5ZirkYx6ysb2X5wsAMg\/viewform\" target=\"_blank\" rel=\"noopener\">RENUNCIA A REGULARIDAD<\/a><\/h5>\n<\/td>\n<td style=\"background-color: #f7f7e1; text-align: left;\"><span style=\"color: #3366ff;\">Art\u00edculo 74<\/span>: Se establece que el\/la estudiante podr\u00e1 <strong>recursar<\/strong> la unidad\/espacio curricular entre\u00a0otras situaciones, por<strong> decisi\u00f3n propia, renunciando a la regularidad obtenida<\/strong> en esa\u00a0unidad\/espacio curricular.<\/td>\n<\/tr>\n<tr>\n<td style=\"background-color: #b4fdd6; text-align: left;\"><img decoding=\"async\" loading=\"lazy\" class=\"aligncenter\" src=\"https:\/\/i.imgur.com\/oFN54Mp.png\" width=\"36\" height=\"49\" \/><\/td>\n<td style=\"background-color: #b4fdd6; text-align: center;\">\n<h5><a href=\"https:\/\/docs.google.com\/forms\/d\/e\/1FAIpQLSd7gyvI4B9NSEERGMbZ3gkuYmTABxmu6KFksv-4PrKQeM7l7Q\/viewform\" target=\"_blank\" rel=\"noopener\">CONSULTAS GESTI\u00d3N ASUNTOS ESTUDIANTILES<\/a><\/h5>\n<\/td>\n<td style=\"background-color: #b4fdd6; text-align: left;\">Desde aqu\u00ed pod\u00e9s enviar tus <strong>consultas o dudas respecto a tu situaci\u00f3n<\/strong><br \/>\n<strong>administrativo-acad\u00e9mica<\/strong> en tu carrera. En primera instancia lo tratar\u00e1 Sector Bedel\u00eda o ser\u00e1\u00a0derivado si corresponde, a la Coordinaci\u00f3n de carrera o a la Vicerrector\u00eda de Asuntos estudiantiles\u00a0y administrativos.<\/td>\n<\/tr>\n<tr>\n<td style=\"background-color: #b4fcf1; text-align: left;\"><a href=\"https:\/\/www.facebook.com\/politicasestudiantilesies9011\" target=\"_blank\" rel=\"noopener\"><img decoding=\"async\" loading=\"lazy\" class=\"\" src=\"https:\/\/i.imgur.com\/pSMfVr3.png\" width=\"51\" height=\"51\" \/><\/a><\/td>\n<td style=\"background-color: #b4fcf1; text-align: center;\">\n<h5><a href=\"https:\/\/www.facebook.com\/politicasestudiantilesies9011\" target=\"_blank\" rel=\"noopener\">BIENESTAR ESTUDIANTIL<\/a><\/h5>\n<\/td>\n<td style=\"background-color: #b4fcf1; text-align: left; padding-left: 30px;\"><a href=\"https:\/\/www.facebook.com\/politicasestudiantilesies9011\" target=\"_blank\" rel=\"noopener\"><img decoding=\"async\" loading=\"lazy\" class=\"alignleft\" src=\"https:\/\/i.imgur.com\/tJxAhTv.png\" width=\"72\" height=\"72\" \/><\/a>Consultas sobre\u00a0<strong style=\"font-family: inherit; font-size: inherit;\">BECAS<\/strong><span style=\"font-family: inherit; font-size: inherit;\"> o <\/span><strong style=\"font-family: inherit; font-size: inherit;\">Temas de Bienestar Estudiantil<\/strong><span style=\"font-family: inherit; font-size: inherit;\"> (Grupo de Facebook)<\/span><\/td>\n<\/tr>\n<tr>\n<td style=\"background-color: #e5f9f6; text-align: left;\"><img decoding=\"async\" loading=\"lazy\" class=\"aligncenter\" src=\"https:\/\/i.imgur.com\/oFN54Mp.png\" width=\"36\" height=\"49\" \/><\/td>\n<td style=\"background-color: #e5f9f6; text-align: center;\">\n<h5><a href=\"https:\/\/docs.google.com\/forms\/d\/e\/1FAIpQLSdyw3zlHMTogupLrkDmODvPv3-vEMbKxnkzVNxLCB4f0rUccQ\/closedform\" target=\"_blank\" rel=\"noopener\">MATRICULACI\u00d3N<\/a><\/h5>\n<\/td>\n<td style=\"background-color: #e5f9f6; text-align: left;\"><span style=\"font-weight: 400;\">El <span style=\"color: #3366ff;\">Art\u00edculo 76<\/span> establece que los y las estudiantes perder\u00e1n la condici\u00f3n de regular en la carrera por diversas razones. Si el estudiante decidiera NO CURSAR en el presente ciclo lectivo deber\u00e1 completar este formulario de MATRICULACI\u00d3N. &#8211;<em>(ABIERTO hasta el 30 de abril a las 24 hs)-<\/em><\/span><\/td>\n<\/tr>\n<tr>\n<td style=\"background-color: #f7f7e1; text-align: left;\"><img decoding=\"async\" loading=\"lazy\" class=\"aligncenter\" src=\"https:\/\/i.imgur.com\/oFN54Mp.png\" width=\"36\" height=\"49\" \/><\/td>\n<td style=\"background-color: #f7f7e1; text-align: center;\">\n<h5><a href=\"https:\/\/docs.google.com\/forms\/d\/e\/1FAIpQLSfp2C5UlHtA29JQ6lVUQsOWsMcDi2HrwlFdOIfDOukhEUHcAg\/closedform\" target=\"_blank\" rel=\"noopener\">RE-ADMISIONES<\/a><\/h5>\n<\/td>\n<td style=\"background-color: #f7f7e1; text-align: left;\"><span style=\"color: #3366ff;\">Art\u00edculo 77<\/span>: Un\/a estudiante podr\u00e1 solicitar la readmisi\u00f3n cuando no haya acreditado ninguna unidad\/espacio curricular en el a\u00f1o acad\u00e9mico inmediatamente anterior. La misma podr\u00e1 ser requerida hasta 3 (tres) veces consecutivas o alternadas.<\/td>\n<\/tr>\n<tr>\n<td style=\"background-color: #e5f9f6; text-align: left;\"><img decoding=\"async\" loading=\"lazy\" class=\"aligncenter\" src=\"https:\/\/i.imgur.com\/oFN54Mp.png\" width=\"36\" height=\"49\" \/><\/td>\n<td style=\"background-color: #e5f9f6; text-align: center;\">\n<h5><a href=\"https:\/\/docs.google.com\/forms\/d\/e\/1FAIpQLScjTm3gXZD193f2PjOLYH61Ha2r-MOYNOhBUlZwTQ8t04a3gA\/closedform\" target=\"_blank\" rel=\"noopener\">EXTENSI\u00d3N de Carrera<\/a><\/h5>\n<\/td>\n<td style=\"background-color: #e5f9f6; text-align: left;\">\n<p style=\"text-align: left;\"><strong>DURACI\u00d3N DE LAS CARRERAS. <\/strong>(<span style=\"font-family: inherit; font-size: inherit; color: #993300;\">Carreras docentes<\/span><span style=\"font-family: inherit; font-size: inherit;\"><span style=\"color: #993300;\">: cohortes 2011 y cohorte 2012\u00a0<\/span> \/\u00a0\u00a0<\/span><span style=\"color: #ff6600;\"><span style=\"font-family: inherit; font-size: inherit;\">Carreras t\u00e9cnicas<\/span><span style=\"font-family: inherit; font-size: inherit;\">: cohortes 2013 y cohorte 2014)<\/span><\/span><\/p>\n<p style=\"text-align: left;\"><span style=\"color: #3366ff;\">Art\u00edculo 114<\/span>: El\/la estudiante tiene como plazo m\u00e1ximo para obtener su t\u00edtulo, el doble del tiempo de duraci\u00f3n de la carrera estipulado por el plan de estudio.<br \/>\n<span style=\"color: #3366ff;\">Art\u00edculo 116<\/span>: Ante el pedido de extensi\u00f3n de carrera, el estudiante deber\u00e1 acreditar la\/las unidades\/espacios curriculares adeudadas en el tiempo otorgado, el que no deber\u00e1 exceder el <strong>t\u00e9rmino de 2 (dos) a\u00f1os acad\u00e9micos consecutivos.<\/strong><\/p>\n<\/td>\n<\/tr>\n<tr>\n<td style=\"background-color: #f7f7e1; text-align: left;\"><img decoding=\"async\" loading=\"lazy\" class=\"aligncenter\" src=\"https:\/\/i.imgur.com\/oFN54Mp.png\" width=\"36\" height=\"49\" \/><\/td>\n<td style=\"background-color: #f7f7e1; text-align: center;\">\n<h5><a href=\"https:\/\/docs.google.com\/forms\/d\/e\/1FAIpQLScxz3jkheTSgleXnAOmTpmeL5nB3X_VK2McVnKrMHhFk86F3A\/closedform\" target=\"_blank\" rel=\"noopener\">Pedido de MESAS ESPECIALES<\/a><\/h5>\n<\/td>\n<td style=\"background-color: #f7f7e1; text-align: left;\"><span style=\"font-weight: 400;\"><span style=\"color: #3366ff;\">Art\u00edculo 80<\/span>: Se constituir\u00e1n mesas especiales de ex\u00e1menes finales a solicitud de los\/as interesados\/as cuando s\u00f3lo le resten <\/span><b>3 (tres) unidades\/espacios curriculares<\/b><span style=\"font-weight: 400;\"> por acreditar para finalizar sus estudios.<\/span><\/td>\n<\/tr>\n<tr>\n<td style=\"background-color: #e5f9f6; text-align: left;\"><img decoding=\"async\" loading=\"lazy\" class=\"aligncenter\" src=\"https:\/\/i.imgur.com\/oFN54Mp.png\" width=\"36\" height=\"49\" \/><\/td>\n<td style=\"background-color: #e5f9f6; text-align: center;\">\n<h5><a href=\"https:\/\/docs.google.com\/forms\/d\/e\/1FAIpQLScjF8YOkm318jSJv1Svw9KcIViREDZWCs3qW2FsP2N7PxgWUQ\/closedform\" target=\"_blank\" rel=\"noopener\">Pedido de EQUIVALENCIAS<\/a><\/h5>\n<\/td>\n<td style=\"background-color: #e5f9f6; text-align: left;\"><span style=\"font-weight: 400;\"><span style=\"color: #3366ff;\">Art\u00edculo 95<\/span>: Las equivalencias, como modo de acreditaci\u00f3n de saberes y capacidades, reconocen los aprendizajes de Nivel Superior ya realizados por los\/as estudiantes como equiparables a los propuestos en la unidad curricular por la que se solicita acreditaci\u00f3n por equivalencia.<\/span><\/td>\n<\/tr>\n<\/tbody>\n<\/table>\n<hr \/>\n<p style=\"text-align: center;\">\n","protected":false},"excerpt":{"rendered":"<p>A partir de ahora tus tr\u00e1mites se atender\u00e1n a trav\u00e9s de los formularios espec\u00edficos. Ingresa y lee cu\u00e1l es el que te corresponde enviar, seg\u00fan tu situaci\u00f3n acad\u00e9mica. Eso te\u00a0lo indica la normativa, el art\u00edculo del Reglamento Acad\u00e9mico Institucional. MATRICULACI\u00d3N: ABIERTO hasta el 30 de abril a las 24 hs Formularios Descripci\u00f3n Solicitud de ADSCRIPCIONES &#8230; <a title=\"Atenci\u00f3n VIRTUAL Estudiantes\" class=\"read-more\" href=\"https:\/\/ies9011-infd.mendoza.edu.ar\/sitio\/formularios-varios-p-descargar-docentes-estudiantes\/\" aria-label=\"More on Atenci\u00f3n VIRTUAL Estudiantes\">[+]<\/a><\/p>\n","protected":false},"author":3387,"featured_media":0,"parent":0,"menu_order":0,"comment_status":"closed","ping_status":"closed","template":"","meta":[],"acf":[],"_links":{"self":[{"href":"https:\/\/ies9011-infd.mendoza.edu.ar\/sitio\/wp-json\/wp\/v2\/pages\/1181"}],"collection":[{"href":"https:\/\/ies9011-infd.mendoza.edu.ar\/sitio\/wp-json\/wp\/v2\/pages"}],"about":[{"href":"https:\/\/ies9011-infd.mendoza.edu.ar\/sitio\/wp-json\/wp\/v2\/types\/page"}],"author":[{"embeddable":true,"href":"https:\/\/ies9011-infd.mendoza.edu.ar\/sitio\/wp-json\/wp\/v2\/users\/3387"}],"replies":[{"embeddable":true,"href":"https:\/\/ies9011-infd.mendoza.edu.ar\/sitio\/wp-json\/wp\/v2\/comments?post=1181"}],"version-history":[{"count":56,"href":"https:\/\/ies9011-infd.mendoza.edu.ar\/sitio\/wp-json\/wp\/v2\/pages\/1181\/revisions"}],"predecessor-version":[{"id":2832,"href":"https:\/\/ies9011-infd.mendoza.edu.ar\/sitio\/wp-json\/wp\/v2\/pages\/1181\/revisions\/2832"}],"wp:attachment":[{"href":"https:\/\/ies9011-infd.mendoza.edu.ar\/sitio\/wp-json\/wp\/v2\/media?parent=1181"}],"curies":[{"name":"wp","href":"https:\/\/api.w.org\/{rel}","templated":true}]}}