{"id":1280,"date":"2018-08-31T13:21:23","date_gmt":"2018-08-31T16:21:23","guid":{"rendered":"https:\/\/ies9011-mza.infd.edu.ar\/sitio\/tecnicatura-superior-en-obras-viales\/"},"modified":"2025-10-27T09:09:19","modified_gmt":"2025-10-27T12:09:19","slug":"tecnicatura-superior-en-gastronomia","status":"publish","type":"page","link":"https:\/\/ies9011-infd.mendoza.edu.ar\/sitio\/tecnicatura-superior-en-gastronomia\/","title":{"rendered":"Tecnicatura Superior en GASTRONOM\u00cdA"},"content":{"rendered":"<p class=\"MsoBodyText\" style=\"text-align: center;\"><span style=\"font-family: verdana, geneva;\"><span style=\"font-size: 10pt;\"><span style=\"color: #333333; font-size: 12pt;\"><span style=\"background-color: #ffffff;\">RESOLUCI\u00d3N N\u00b0 <a href=\"https:\/\/iesdelatuel.sharepoint.com\/:b:\/s\/Horario\/EQnE9niD8LFNv6KjYKOfJVYBru7reMWwWXB78EhJbetaJA?e=IOEYoS\" target=\"_blank\" rel=\"noopener\"><strong>2017-240-E-GDEMZA<\/strong><\/a> &#8211; Duraci\u00f3n de la carrera: <strong>3 a\u00f1os<\/strong> &#8211; Turno Ma\u00f1ana<\/span><\/span><\/span><\/span><\/p>\n<div>\n<table style=\"width: 100%;\" border=\"1\" cellspacing=\"0\" cellpadding=\"4\">\n<tbody>\n<tr>\n<td style=\"text-align: center; background-color: #e6e6e4;\"><span style=\"font-family: verdana, geneva; font-size: 12pt;\"><strong>C\u00f3digo<\/strong><\/span><\/td>\n<td style=\"text-align: center; background-color: #e6e6e4;\"><span style=\"font-family: verdana, geneva; font-size: 12pt;\"><strong>Espacio Curricular<\/strong><\/span><\/td>\n<td style=\"text-align: center; background-color: #e6e6e4;\"><span style=\"font-family: verdana, geneva; font-size: 12pt;\"><strong>A\u00f1o<\/strong><\/span><\/td>\n<td style=\"text-align: center; background-color: #e6e6e4;\"><span style=\"font-family: verdana, geneva; font-size: 12pt;\"><strong>Cuatrimestre<\/strong><\/span><\/td>\n<\/tr>\n<tr>\n<td style=\"text-align: center; background-color: #e5f9f6;\"><strong><span style=\"font-family: verdana, geneva; font-size: 10pt;\">01<\/span><\/strong><\/td>\n<td style=\"background-color: #e5f9f6;\">Cocina I\u00a0 <span style=\"color: #999999; font-size: 10pt;\"><em>(<span style=\"color: #808080;\">Asignatura<\/span>)<\/em><\/span><\/td>\n<td style=\"text-align: center; background-color: #e5f9f6;\"><span style=\"font-family: verdana, geneva; font-size: 11pt;\">1<\/span><\/td>\n<td style=\"text-align: center; background-color: #e5f9f6;\">A<\/td>\n<\/tr>\n<tr>\n<td style=\"text-align: center; background-color: #e5f9f6;\"><strong><span style=\"font-family: verdana, geneva; font-size: 10pt;\">02<\/span><\/strong><\/td>\n<td style=\"background-color: #e5f9f6;\">Servicio de Alimentos y Bebidas\u00a0 <span style=\"color: #c79bb1; font-size: 10pt;\"><em>(Taller)<\/em><\/span><\/td>\n<td style=\"text-align: center; background-color: #e5f9f6;\"><span style=\"font-family: verdana, geneva; font-size: 11pt;\">1<\/span><\/td>\n<td style=\"text-align: center; background-color: #e5f9f6;\">A<\/td>\n<\/tr>\n<tr>\n<td style=\"text-align: center; background-color: #e5f9f6;\"><strong><span style=\"font-family: verdana, geneva; font-size: 10pt;\">03<\/span><\/strong><\/td>\n<td style=\"background-color: #e5f9f6;\">Bromatolog\u00eda\u00a0 <span style=\"color: #86bef7; font-size: 10pt;\"><em>(M\u00f3dulo)<\/em><\/span><\/td>\n<td style=\"text-align: center; background-color: #e5f9f6;\"><span style=\"font-family: verdana, geneva; font-size: 11pt;\">1<\/span><\/td>\n<td style=\"text-align: center; background-color: #e5f9f6;\">A<\/td>\n<\/tr>\n<tr>\n<td style=\"text-align: center; background-color: #e5f9f6;\"><strong><span style=\"font-family: verdana, geneva; font-size: 10pt;\">04<\/span><\/strong><\/td>\n<td style=\"background-color: #e5f9f6;\"><span style=\"font-family: verdana, geneva; font-size: 12pt;\">Ingl\u00e9s T\u00e9cnico I\u00a0 <span style=\"color: #c79bb1; font-size: 10pt;\"><em>(Taller)<\/em><\/span><\/span><\/td>\n<td style=\"text-align: center; background-color: #e5f9f6;\"><span style=\"font-family: verdana, geneva; font-size: 11pt;\">1<\/span><\/td>\n<td style=\"text-align: center; background-color: #e5f9f6;\">A<\/td>\n<\/tr>\n<tr>\n<td style=\"text-align: center; background-color: #e5f9f6;\"><strong><span style=\"font-family: verdana, geneva; font-size: 10pt;\">05<\/span><\/strong><\/td>\n<td style=\"background-color: #e5f9f6;\">Problem\u00e1tica Sociocultural y del Conocimiento\u00a0 <span style=\"color: #c79bb1; font-size: 10pt;\"><em>(Taller)<\/em><\/span><\/td>\n<td style=\"text-align: center; background-color: #e5f9f6;\"><span style=\"font-family: verdana, geneva; font-size: 11pt;\">1<\/span><\/td>\n<td style=\"text-align: center; background-color: #e5f9f6;\">1<\/td>\n<\/tr>\n<tr>\n<td style=\"text-align: center; background-color: #e5f9f6;\"><strong><span style=\"font-family: verdana, geneva; font-size: 10pt;\">06<\/span><\/strong><\/td>\n<td style=\"background-color: #e5f9f6;\">M\u00e9todos Cuantitativos\u00a0 <span style=\"color: #999999; font-size: 10pt;\"><em>(<span style=\"color: #808080;\">Asignatura<\/span>)<\/em><\/span><\/td>\n<td style=\"text-align: center; background-color: #e5f9f6;\"><span style=\"font-family: verdana, geneva; font-size: 11pt;\">1<\/span><\/td>\n<td style=\"text-align: center; background-color: #e5f9f6;\">1<\/td>\n<\/tr>\n<tr>\n<td style=\"text-align: center; background-color: #e5f9f6;\"><strong><span style=\"font-family: verdana, geneva; font-size: 10pt;\">07<\/span><\/strong><\/td>\n<td style=\"background-color: #e5f9f6;\">Comprensi\u00f3n y Producci\u00f3n de Textos\u00a0 <span style=\"color: #c79bb1; font-size: 10pt;\"><em>(Taller)<\/em><\/span><\/td>\n<td style=\"text-align: center; background-color: #e5f9f6;\"><span style=\"font-family: verdana, geneva; font-size: 11pt;\">1<\/span><\/td>\n<td style=\"text-align: center; background-color: #e5f9f6;\">1<\/td>\n<\/tr>\n<tr>\n<td style=\"text-align: center; background-color: #e5f9f6;\"><strong><span style=\"font-family: verdana, geneva; font-size: 10pt;\">08<\/span><\/strong><\/td>\n<td style=\"background-color: #e5f9f6;\">Inform\u00e1tica en Gastronom\u00eda\u00a0 <span style=\"color: #c79bb1; font-size: 10pt;\"><em>(Taller)<\/em><\/span><\/td>\n<td style=\"text-align: center; background-color: #e5f9f6;\"><span style=\"font-family: verdana, geneva; font-size: 11pt;\">1<\/span><\/td>\n<td style=\"text-align: center; background-color: #e5f9f6;\">1<\/td>\n<\/tr>\n<tr>\n<td style=\"text-align: center; background-color: #e5f9f6;\"><strong><span style=\"font-family: verdana, geneva; font-size: 10pt;\">09<\/span><\/strong><\/td>\n<td style=\"background-color: #e5f9f6;\">Administraci\u00f3n General\u00a0 <span style=\"color: #999999; font-size: 10pt;\"><em>(<span style=\"color: #808080;\">Asignatura<\/span>)<\/em><\/span><\/td>\n<td style=\"text-align: center; background-color: #e5f9f6;\"><span style=\"font-family: verdana, geneva; font-size: 11pt;\">1<\/span><\/td>\n<td style=\"text-align: center; background-color: #e5f9f6;\">2<\/td>\n<\/tr>\n<tr>\n<td style=\"text-align: center; background-color: #e5f9f6;\"><strong><span style=\"font-family: verdana, geneva; font-size: 10pt;\">10<\/span><\/strong><\/td>\n<td style=\"background-color: #e5f9f6;\">Nutrici\u00f3n\u00a0 <span style=\"color: #999999; font-size: 10pt;\"><em>(<span style=\"color: #808080;\">Asignatura<\/span>)<\/em><\/span><\/td>\n<td style=\"text-align: center; background-color: #e5f9f6;\"><span style=\"font-family: verdana, geneva; font-size: 11pt;\">1<\/span><\/td>\n<td style=\"text-align: center; background-color: #e5f9f6;\">2<\/td>\n<\/tr>\n<tr>\n<td style=\"text-align: center; background-color: #e5f9f6;\"><strong><span style=\"font-family: verdana, geneva; font-size: 10pt;\">11<\/span><\/strong><\/td>\n<td style=\"background-color: #e5f9f6;\">Pr\u00e1ctica Profesionalizante I\u00a0 <span style=\"color: #c79bb1; font-size: 10pt;\"><em>(Taller)<\/em><\/span><\/td>\n<td style=\"text-align: center; background-color: #e5f9f6;\"><span style=\"font-family: verdana, geneva; font-size: 11pt;\">1<\/span><\/td>\n<td style=\"text-align: center; background-color: #e5f9f6;\">A<\/td>\n<\/tr>\n<tr>\n<td style=\"text-align: center; background-color: #fee8e0;\"><strong><span style=\"font-family: verdana, geneva; font-size: 10pt;\">12<\/span><\/strong><\/td>\n<td style=\"background-color: #fee8e0;\">Cocina II\u00a0 <span style=\"color: #999999; font-size: 10pt;\"><em>(<span style=\"color: #808080;\">Asignatura<\/span>)<\/em><\/span><\/td>\n<td style=\"text-align: center; background-color: #fee8e0;\"><span style=\"font-family: verdana, geneva; font-size: 11pt;\">2<\/span><\/td>\n<td style=\"text-align: center; background-color: #fee8e0;\">A<\/td>\n<\/tr>\n<tr>\n<td style=\"text-align: center; background-color: #fee8e0;\"><strong><span style=\"font-family: verdana, geneva; font-size: 10pt;\">13<\/span><\/strong><\/td>\n<td style=\"background-color: #fee8e0;\">Vinos, Bar y Cocteler\u00eda\u00a0 <span style=\"color: #999999; font-size: 10pt;\"><em>(<span style=\"color: #808080;\">Asignatura<\/span>)<\/em><\/span><\/td>\n<td style=\"text-align: center; background-color: #fee8e0;\"><span style=\"font-family: verdana, geneva; font-size: 11pt;\">2<\/span><\/td>\n<td style=\"text-align: center; background-color: #fee8e0;\">A<\/td>\n<\/tr>\n<tr>\n<td style=\"text-align: center; background-color: #fee8e0;\"><strong><span style=\"font-family: verdana, geneva; font-size: 10pt;\">14<\/span><\/strong><\/td>\n<td style=\"background-color: #fee8e0;\">Dietolog\u00eda\u00a0 <span style=\"color: #999999; font-size: 10pt;\"><em>(<span style=\"color: #808080;\">Asignatura<\/span>)<\/em><\/span><\/td>\n<td style=\"text-align: center; background-color: #fee8e0;\"><span style=\"font-family: verdana, geneva; font-size: 11pt;\">2<\/span><\/td>\n<td style=\"text-align: center; background-color: #fee8e0;\">A<\/td>\n<\/tr>\n<tr>\n<td style=\"text-align: center; background-color: #fee8e0;\"><strong><span style=\"font-family: verdana, geneva; font-size: 10pt;\">15<\/span><\/strong><\/td>\n<td style=\"background-color: #fee8e0;\">Panader\u00eda\u00a0 <span style=\"color: #999999; font-size: 10pt;\"><em>(<span style=\"color: #808080;\">Asignatura<\/span>)<\/em><\/span><\/td>\n<td style=\"text-align: center; background-color: #fee8e0;\"><span style=\"font-family: verdana, geneva; font-size: 11pt;\">2<\/span><\/td>\n<td style=\"text-align: center; background-color: #fee8e0;\">1<\/td>\n<\/tr>\n<tr>\n<td style=\"text-align: center; background-color: #fee8e0;\"><strong><span style=\"font-family: verdana, geneva; font-size: 10pt;\">16<\/span><\/strong><\/td>\n<td style=\"background-color: #fee8e0;\">Comportamiento Organizacional\u00a0 <span style=\"color: #999999; font-size: 10pt;\"><em>(<span style=\"color: #808080;\">Asignatura<\/span>)<\/em><\/span><\/td>\n<td style=\"text-align: center; background-color: #fee8e0;\"><span style=\"font-family: verdana, geneva; font-size: 11pt;\">2<\/span><\/td>\n<td style=\"text-align: center; background-color: #fee8e0;\">1<\/td>\n<\/tr>\n<tr>\n<td style=\"text-align: center; background-color: #fee8e0;\"><strong><span style=\"font-family: verdana, geneva; font-size: 10pt;\">17<\/span><\/strong><\/td>\n<td style=\"background-color: #fee8e0;\">Ingl\u00e9s T\u00e9cnico II\u00a0 <span style=\"color: #c79bb1; font-size: 10pt;\"><em>(Taller)<\/em><\/span><\/td>\n<td style=\"text-align: center; background-color: #fee8e0;\"><span style=\"font-family: verdana, geneva; font-size: 11pt;\">2<\/span><\/td>\n<td style=\"text-align: center; background-color: #fee8e0;\">A<\/td>\n<\/tr>\n<tr>\n<td style=\"text-align: center; background-color: #fee8e0;\"><strong><span style=\"font-family: verdana, geneva; font-size: 10pt;\">18<\/span><\/strong><\/td>\n<td style=\"background-color: #fee8e0;\">Costos Operativos\u00a0 <span style=\"color: #999999; font-size: 10pt;\"><em>(<span style=\"color: #808080;\">Asignatura<\/span>)<\/em><\/span><\/td>\n<td style=\"text-align: center; background-color: #fee8e0;\"><span style=\"font-family: verdana, geneva; font-size: 11pt;\">2<\/span><\/td>\n<td style=\"text-align: center; background-color: #fee8e0;\">2<\/td>\n<\/tr>\n<tr>\n<td style=\"text-align: center; background-color: #fee8e0;\"><strong><span style=\"font-family: verdana, geneva; font-size: 10pt;\">19<\/span><\/strong><\/td>\n<td style=\"background-color: #fee8e0;\">Cocina Regional\u00a0 <span style=\"color: #c79bb1; font-size: 10pt;\"><em>(Taller)<\/em><\/span><\/td>\n<td style=\"text-align: center; background-color: #fee8e0;\"><span style=\"font-family: verdana, geneva; font-size: 11pt;\">2<\/span><\/td>\n<td style=\"text-align: center; background-color: #fee8e0;\">2<\/td>\n<\/tr>\n<tr>\n<td style=\"text-align: center; background-color: #fee8e0;\"><strong><span style=\"font-family: verdana, geneva; font-size: 10pt;\">20<\/span><\/strong><\/td>\n<td style=\"background-color: #fee8e0;\">Pr\u00e1ctica Profesionalizante II\u00a0 <span style=\"color: #c79bb1; font-size: 10pt;\"><em>(Taller)<\/em><\/span><\/td>\n<td style=\"text-align: center; background-color: #fee8e0;\"><span style=\"font-family: verdana, geneva; font-size: 11pt;\">2<\/span><\/td>\n<td style=\"text-align: center; background-color: #fee8e0;\">A<\/td>\n<\/tr>\n<tr>\n<td style=\"text-align: center; background-color: #e5f9f6;\"><strong><span style=\"font-family: verdana, geneva; font-size: 10pt;\">21<\/span><\/strong><\/td>\n<td style=\"background-color: #e5f9f6;\">Control de Alimentos y Bebidas\u00a0 <span style=\"color: #86bef7; font-size: 10pt;\"><em>(M\u00f3dulo)<\/em><\/span><\/td>\n<td style=\"text-align: center; background-color: #e5f9f6;\"><span style=\"font-family: verdana, geneva; font-size: 11pt;\">3<\/span><\/td>\n<td style=\"text-align: center; background-color: #e5f9f6;\">1<\/td>\n<\/tr>\n<tr>\n<td style=\"text-align: center; background-color: #e5f9f6;\"><strong><span style=\"font-family: verdana, geneva; font-size: 10pt;\">22<\/span><\/strong><\/td>\n<td style=\"background-color: #e5f9f6;\">Cocina Internacional\u00a0 <span style=\"color: #999999; font-size: 10pt;\"><em>(<span style=\"color: #808080;\">Asignatura<\/span>)<\/em><\/span><\/td>\n<td style=\"text-align: center; background-color: #e5f9f6;\"><span style=\"font-family: verdana, geneva; font-size: 11pt;\">3<\/span><\/td>\n<td style=\"text-align: center; background-color: #e5f9f6;\">1<\/td>\n<\/tr>\n<tr>\n<td style=\"text-align: center; background-color: #e5f9f6;\"><strong><span style=\"font-family: verdana, geneva; font-size: 10pt;\">23<\/span><\/strong><\/td>\n<td style=\"background-color: #e5f9f6;\">Organizaci\u00f3n de Eventos y Catering\u00a0 <span style=\"color: #999999; font-size: 10pt;\"><em>(<span style=\"color: #808080;\">Asignatura<\/span>)<\/em><\/span><\/td>\n<td style=\"text-align: center; background-color: #e5f9f6;\"><span style=\"font-family: verdana, geneva; font-size: 11pt;\">3<\/span><\/td>\n<td style=\"text-align: center; background-color: #e5f9f6;\">1<\/td>\n<\/tr>\n<tr>\n<td style=\"text-align: center; background-color: #e5f9f6;\"><strong><span style=\"font-family: verdana, geneva; font-size: 10pt;\">24<\/span><\/strong><\/td>\n<td style=\"background-color: #e5f9f6;\">\u00c9tica Profesional\u00a0 <span style=\"color: #c79bb1; font-size: 10pt;\"><em>(Taller)<\/em><\/span><\/td>\n<td style=\"text-align: center; background-color: #e5f9f6;\"><span style=\"font-family: verdana, geneva; font-size: 11pt;\">3<\/span><\/td>\n<td style=\"text-align: center; background-color: #e5f9f6;\">1<\/td>\n<\/tr>\n<tr>\n<td style=\"text-align: center; background-color: #e5f9f6;\"><strong><span style=\"font-family: verdana, geneva; font-size: 10pt;\">25<\/span><\/strong><\/td>\n<td style=\"background-color: #e5f9f6;\">Franc\u00e9s T\u00e9cnico\u00a0 <span style=\"color: #c79bb1; font-size: 10pt;\"><em>(Taller)<\/em><\/span><\/td>\n<td style=\"text-align: center; background-color: #e5f9f6;\"><span style=\"font-family: verdana, geneva; font-size: 11pt;\">3<\/span><\/td>\n<td style=\"text-align: center; background-color: #e5f9f6;\">A<\/td>\n<\/tr>\n<tr>\n<td style=\"text-align: center; background-color: #e5f9f6;\"><strong><span style=\"font-family: verdana, geneva; font-size: 10pt;\">26<\/span><\/strong><\/td>\n<td style=\"background-color: #e5f9f6;\">Marketing Gastron\u00f3mico\u00a0 <span style=\"color: #999999; font-size: 10pt;\"><em>(<span style=\"color: #808080;\">Asignatura<\/span>)<\/em><\/span><\/td>\n<td style=\"text-align: center; background-color: #e5f9f6;\"><span style=\"font-family: verdana, geneva; font-size: 11pt;\">3<\/span><\/td>\n<td style=\"text-align: center; background-color: #e5f9f6;\">1<\/td>\n<\/tr>\n<tr>\n<td style=\"text-align: center; background-color: #e5f9f6;\"><strong><span style=\"font-family: verdana, geneva; font-size: 10pt;\">27<\/span><\/strong><\/td>\n<td style=\"background-color: #e5f9f6;\">T\u00e9cnicas de Cocina Modernizantes\u00a0 <span style=\"color: #86bef7; font-size: 10pt;\"><em>(M\u00f3dulo)<\/em><\/span><\/td>\n<td style=\"text-align: center; background-color: #e5f9f6;\"><span style=\"font-family: verdana, geneva; font-size: 11pt;\">3<\/span><\/td>\n<td style=\"text-align: center; background-color: #e5f9f6;\">2<\/td>\n<\/tr>\n<tr>\n<td style=\"text-align: center; background-color: #e5f9f6;\"><strong><span style=\"font-family: verdana, geneva; font-size: 10pt;\">28<\/span><\/strong><\/td>\n<td style=\"background-color: #e5f9f6;\">Reposter\u00eda\u00a0 <span style=\"color: #999999; font-size: 10pt;\"><em>(<span style=\"color: #808080;\">Asignatura<\/span>)<\/em><\/span><\/td>\n<td style=\"text-align: center; background-color: #e5f9f6;\"><span style=\"font-family: verdana, geneva; font-size: 11pt;\">3<\/span><\/td>\n<td style=\"text-align: center; background-color: #e5f9f6;\">2<\/td>\n<\/tr>\n<tr>\n<td style=\"text-align: center; background-color: #e5f9f6;\"><strong><span style=\"font-family: verdana, geneva; font-size: 10pt;\">29<\/span><\/strong><\/td>\n<td style=\"background-color: #e5f9f6;\">Pymes y Microemprendimientos\u00a0 <span style=\"color: #c79bb1; font-size: 10pt;\"><em>(Taller)<\/em><\/span><\/td>\n<td style=\"text-align: center; background-color: #e5f9f6;\"><span style=\"font-family: verdana, geneva; font-size: 11pt;\">3<\/span><\/td>\n<td style=\"text-align: center; background-color: #e5f9f6;\">2<\/td>\n<\/tr>\n<tr>\n<td style=\"text-align: center; background-color: #e5f9f6;\"><strong><span style=\"font-family: verdana, geneva; font-size: 10pt;\">30<\/span><\/strong><\/td>\n<td style=\"background-color: #e5f9f6;\">Gesti\u00f3n Gastron\u00f3mica\u00a0 <span style=\"color: #999999; font-size: 10pt;\"><em>(<span style=\"color: #808080;\">Asignatura<\/span>)<\/em><\/span><\/td>\n<td style=\"text-align: center; background-color: #e5f9f6;\"><span style=\"font-family: verdana, geneva; font-size: 11pt;\">3<\/span><\/td>\n<td style=\"text-align: center; background-color: #e5f9f6;\">2<\/td>\n<\/tr>\n<tr>\n<td style=\"text-align: center; background-color: #e5f9f6;\"><strong><span style=\"font-family: verdana, geneva; font-size: 10pt;\">31<\/span><\/strong><\/td>\n<td style=\"background-color: #e5f9f6;\">Pr\u00e1ctica Profesionalizante III\u00a0 <span style=\"color: #c79bb1; font-size: 10pt;\"><em>(Taller)<\/em><\/span><\/td>\n<td style=\"text-align: center; background-color: #e5f9f6;\"><span style=\"font-family: verdana, geneva; font-size: 11pt;\">3<\/span><\/td>\n<td style=\"text-align: center; background-color: #e5f9f6;\">A<\/td>\n<\/tr>\n<\/tbody>\n<\/table>\n<table style=\"width: 100%;\" border=\"1\" cellspacing=\"0\" cellpadding=\"1\">\n<colgroup>\n<col width=\"50\" \/><\/colgroup>\n<colgroup>\n<col width=\"500\" \/><\/colgroup>\n<tbody>\n<tr>\n<td style=\"text-align: center; background-color: #e6e6e4;\"><img decoding=\"async\" loading=\"lazy\" class=\"\" title=\"libro con lupa\" src=\"https:\/\/ies9011-infd.mendoza.edu.ar\/sitio\/wp-content\/uploads\/2018\/08\/book_search.png\" alt=\"libro con lupa\" width=\"37\" height=\"37\" border=\"0\" \/><\/td>\n<td style=\"background-color: #e6e6e4; text-align: left;\"><span style=\"font-family: verdana, geneva; font-size: 14pt; background-color: #ccffcc;\"><span lang=\"ES-TRAD\">\u00a0<\/span><span lang=\"ES-TRAD\"><span style=\"background-color: #ccffcc;\">Puedes consultar aqu\u00ed el<\/span><\/span><a href=\"https:\/\/iesdelatuel.sharepoint.com\/:b:\/s\/PublicacionesWeb\/EdLIBgkoOexBiGpGkQNBquUBvHDl2S65pa5QvHZdH6ok1A?e=Y8acVn\" target=\"_blank\" rel=\"noopener\"><strong><span lang=\"ES-TRAD\"><span style=\"background-color: #ccffcc;\"> Regimen de Correlatividades<\/span><\/span><\/strong><\/a><\/span><\/td>\n<\/tr>\n<\/tbody>\n<\/table>\n<p style=\"text-align: center;\">\n<\/div>\n","protected":false},"excerpt":{"rendered":"<p>RESOLUCI\u00d3N N\u00b0 2017-240-E-GDEMZA &#8211; Duraci\u00f3n de la carrera: 3 a\u00f1os &#8211; Turno Ma\u00f1ana C\u00f3digo Espacio Curricular A\u00f1o Cuatrimestre 01 Cocina I\u00a0 (Asignatura) 1 A 02 Servicio de Alimentos y Bebidas\u00a0 (Taller) 1 A 03 Bromatolog\u00eda\u00a0 (M\u00f3dulo) 1 A 04 Ingl\u00e9s T\u00e9cnico I\u00a0 (Taller) 1 A 05 Problem\u00e1tica Sociocultural y del Conocimiento\u00a0 (Taller) 1 1 06 &#8230; <a title=\"Tecnicatura Superior en GASTRONOM\u00cdA\" class=\"read-more\" href=\"https:\/\/ies9011-infd.mendoza.edu.ar\/sitio\/tecnicatura-superior-en-gastronomia\/\" aria-label=\"More on Tecnicatura Superior en GASTRONOM\u00cdA\">[+]<\/a><\/p>\n","protected":false},"author":3387,"featured_media":0,"parent":0,"menu_order":0,"comment_status":"closed","ping_status":"closed","template":"","meta":[],"acf":[],"_links":{"self":[{"href":"https:\/\/ies9011-infd.mendoza.edu.ar\/sitio\/wp-json\/wp\/v2\/pages\/1280"}],"collection":[{"href":"https:\/\/ies9011-infd.mendoza.edu.ar\/sitio\/wp-json\/wp\/v2\/pages"}],"about":[{"href":"https:\/\/ies9011-infd.mendoza.edu.ar\/sitio\/wp-json\/wp\/v2\/types\/page"}],"author":[{"embeddable":true,"href":"https:\/\/ies9011-infd.mendoza.edu.ar\/sitio\/wp-json\/wp\/v2\/users\/3387"}],"replies":[{"embeddable":true,"href":"https:\/\/ies9011-infd.mendoza.edu.ar\/sitio\/wp-json\/wp\/v2\/comments?post=1280"}],"version-history":[{"count":22,"href":"https:\/\/ies9011-infd.mendoza.edu.ar\/sitio\/wp-json\/wp\/v2\/pages\/1280\/revisions"}],"predecessor-version":[{"id":5320,"href":"https:\/\/ies9011-infd.mendoza.edu.ar\/sitio\/wp-json\/wp\/v2\/pages\/1280\/revisions\/5320"}],"wp:attachment":[{"href":"https:\/\/ies9011-infd.mendoza.edu.ar\/sitio\/wp-json\/wp\/v2\/media?parent=1280"}],"curies":[{"name":"wp","href":"https:\/\/api.w.org\/{rel}","templated":true}]}}